{"id":1692,"date":"2024-04-09T09:09:58","date_gmt":"2024-04-09T09:09:58","guid":{"rendered":"https:\/\/simpleshop.md\/?page_id=1692"},"modified":"2024-11-03T18:46:11","modified_gmt":"2024-11-03T18:46:11","slug":"cum-plasez-comanda","status":"publish","type":"page","link":"https:\/\/simpleshop.md\/ru\/cum-plasez-comanda\/","title":{"rendered":"\u041a\u0430\u043a \u0441\u0434\u0435\u043b\u0430\u0442\u044c \u0437\u0430\u043a\u0430\u0437?"},"content":{"rendered":"<div data-elementor-type=\"wp-page\" data-elementor-id=\"1692\" class=\"elementor elementor-1692\">\n\t\t\t\t<div class=\"elementor-element elementor-element-c2374c5 e-flex e-con-boxed wpr-particle-no wpr-jarallax-no wpr-parallax-no wpr-sticky-section-no e-con e-parent\" data-id=\"c2374c5\" data-element_type=\"container\">\n\t\t\t\t\t<div class=\"e-con-inner\">\n\t\t\t\t<div class=\"elementor-element elementor-element-a2a25d9 elementor-widget elementor-widget-heading\" data-id=\"a2a25d9\" data-element_type=\"widget\" data-widget_type=\"heading.default\">\n\t\t\t\t<div class=\"elementor-widget-container\">\n\t\t\t<h3 class=\"elementor-heading-title elementor-size-default\">\u041a\u0430\u043a \u0441\u0434\u0435\u043b\u0430\u0442\u044c \u0437\u0430\u043a\u0430\u0437?<\/h3>\t\t<\/div>\n\t\t\t\t<\/div>\n\t\t\t\t\t<\/div>\n\t\t\t\t<\/div>\n\t\t<div class=\"elementor-element elementor-element-e766d2a e-flex e-con-boxed wpr-particle-no wpr-jarallax-no wpr-parallax-no wpr-sticky-section-no e-con e-parent\" data-id=\"e766d2a\" data-element_type=\"container\" data-settings=\"{&quot;background_background&quot;:&quot;classic&quot;}\">\n\t\t\t\t\t<div class=\"e-con-inner\">\n\t\t<div class=\"elementor-element elementor-element-8eaa1ea e-flex e-con-boxed wpr-particle-no wpr-jarallax-no wpr-parallax-no wpr-sticky-section-no e-con e-child\" data-id=\"8eaa1ea\" data-element_type=\"container\" data-settings=\"{&quot;background_background&quot;:&quot;gradient&quot;}\">\n\t\t\t\t\t<div class=\"e-con-inner\">\n\t\t<div class=\"elementor-element elementor-element-f23bdb3 e-flex e-con-boxed wpr-particle-no wpr-jarallax-no wpr-parallax-no wpr-sticky-section-no e-con e-child\" data-id=\"f23bdb3\" data-element_type=\"container\">\n\t\t\t\t\t<div class=\"e-con-inner\">\n\t\t\t\t<div class=\"elementor-element elementor-element-66027db elementor-widget elementor-widget-heading\" data-id=\"66027db\" data-element_type=\"widget\" data-widget_type=\"heading.default\">\n\t\t\t\t<div class=\"elementor-widget-container\">\n\t\t\t<h3 class=\"elementor-heading-title elementor-size-default\">1. \u041f\u043e\u0441\u0435\u0442\u0438\u0442\u0435 \u043d\u0430\u0448 \u0438\u043d\u0442\u0435\u0440\u043d\u0435\u0442-\u043c\u0430\u0433\u0430\u0437\u0438\u043d\n<\/h3>\t\t<\/div>\n\t\t\t\t<\/div>\n\t\t\t\t<div class=\"elementor-element elementor-element-ad0d60f elementor-widget elementor-widget-text-editor\" data-id=\"ad0d60f\" data-element_type=\"widget\" data-widget_type=\"text-editor.default\">\n\t\t\t\t<div class=\"elementor-widget-container\">\n\t\t\t\t\t\t\t<ul><li>Pentru cumparare unui produs: g\u0103se\u0219te produsul dorit \u0219i apas\u0103 butonul \u201eCUMP\u0102R\u0102 \u00ceNTR-UN CLICK!\u201d,<\/li><li>Pentru cump\u0103rarea mai multor produse, plaseaz\u0103-le \u00een co\u0219ul de cump\u0103r\u0103turi \u0219i apas\u0103 butonul \u201eCUMP\u0102R\u0102 \u00ceNTR-UN CLICK!\u201d<\/li><\/ul>\t\t\t\t\t\t<\/div>\n\t\t\t\t<\/div>\n\t\t\t\t<div class=\"elementor-element elementor-element-6790d1a elementor-widget elementor-widget-heading\" data-id=\"6790d1a\" data-element_type=\"widget\" data-widget_type=\"heading.default\">\n\t\t\t\t<div class=\"elementor-widget-container\">\n\t\t\t<h3 class=\"elementor-heading-title elementor-size-default\">2. \u0417\u0430\u0440\u0435\u0433\u0438\u0441\u0442\u0440\u0438\u0440\u0443\u0439\u0442\u0435 \u0441\u0432\u043e\u0439 \u0437\u0430\u043a\u0430\u0437<\/h3>\t\t<\/div>\n\t\t\t\t<\/div>\n\t\t\t\t<div class=\"elementor-element elementor-element-b8d6801 elementor-widget elementor-widget-text-editor\" data-id=\"b8d6801\" data-element_type=\"widget\" data-widget_type=\"text-editor.default\">\n\t\t\t\t<div class=\"elementor-widget-container\">\n\t\t\t\t\t\t\t<p>Completeaz\u0103 datele de contact: Numele, Num\u0103rul de telefon \u0219i Adresa de livrare.<\/p>\t\t\t\t\t\t<\/div>\n\t\t\t\t<\/div>\n\t\t\t\t<div class=\"elementor-element elementor-element-74744c4 elementor-widget elementor-widget-heading\" data-id=\"74744c4\" data-element_type=\"widget\" data-widget_type=\"heading.default\">\n\t\t\t\t<div class=\"elementor-widget-container\">\n\t\t\t<h3 class=\"elementor-heading-title elementor-size-default\">3. \u041f\u043e\u0434\u0442\u0432\u0435\u0440\u0436\u0434\u0435\u043d\u0438\u0435 \u0437\u0430\u043a\u0430\u0437\u0430\n<\/h3>\t\t<\/div>\n\t\t\t\t<\/div>\n\t\t\t\t<div class=\"elementor-element elementor-element-62b628e elementor-widget elementor-widget-text-editor\" data-id=\"62b628e\" data-element_type=\"widget\" data-widget_type=\"text-editor.default\">\n\t\t\t\t<div class=\"elementor-widget-container\">\n\t\t\t\t\t\t\t<p>\u00centr-o perioada scurt\u0103 de timp, un manager te va contacta pentru a confirma comanda.<\/p>\t\t\t\t\t\t<\/div>\n\t\t\t\t<\/div>\n\t\t\t\t\t<\/div>\n\t\t\t\t<\/div>\n\t\t<div class=\"elementor-element elementor-element-57eb46f e-con-full e-flex wpr-particle-no wpr-jarallax-no wpr-parallax-no wpr-sticky-section-no e-con e-child\" data-id=\"57eb46f\" data-element_type=\"container\">\n\t\t\t\t<div class=\"elementor-element elementor-element-969fc44 elementor-widget elementor-widget-image\" data-id=\"969fc44\" data-element_type=\"widget\" data-widget_type=\"image.default\">\n\t\t\t\t<div class=\"elementor-widget-container\">\n\t\t\t\t\t\t\t\t\t\t\t\t\t<img fetchpriority=\"high\" decoding=\"async\" width=\"555\" height=\"555\" src=\"https:\/\/simpleshop.md\/wp-content\/uploads\/2024\/07\/onewebtag-blog-feature-image-1024x555-modified.png\" class=\"attachment-large size-large wp-image-2193\" alt=\"\" srcset=\"https:\/\/simpleshop.md\/wp-content\/uploads\/2024\/07\/onewebtag-blog-feature-image-1024x555-modified.png 555w, https:\/\/simpleshop.md\/wp-content\/uploads\/2024\/07\/onewebtag-blog-feature-image-1024x555-modified-300x300.png 300w, https:\/\/simpleshop.md\/wp-content\/uploads\/2024\/07\/onewebtag-blog-feature-image-1024x555-modified-150x150.png 150w, https:\/\/simpleshop.md\/wp-content\/uploads\/2024\/07\/onewebtag-blog-feature-image-1024x555-modified-12x12.png 12w, https:\/\/simpleshop.md\/wp-content\/uploads\/2024\/07\/onewebtag-blog-feature-image-1024x555-modified-100x100.png 100w\" sizes=\"(max-width: 555px) 100vw, 555px\" \/>\t\t\t\t\t\t\t\t\t\t\t\t\t<\/div>\n\t\t\t\t<\/div>\n\t\t\t\t<\/div>\n\t\t\t\t\t<\/div>\n\t\t\t\t<\/div>\n\t\t\t\t\t<\/div>\n\t\t\t\t<\/div>\n\t\t\t\t<\/div>","protected":false},"excerpt":{"rendered":"<p>Cum plasez comanda? 1. Acceseaz\u0103 magazinul nostru online Pentru cumparare unui produs: g\u0103se\u0219te produsul dorit \u0219i apas\u0103 butonul \u201eCUMP\u0102R\u0102 \u00ceNTR-UN CLICK!\u201d, Pentru cump\u0103rarea mai multor produse, plaseaz\u0103-le \u00een co\u0219ul de cump\u0103r\u0103turi \u0219i apas\u0103 butonul \u201eCUMP\u0102R\u0102 \u00ceNTR-UN CLICK!\u201d 2. \u00cenregistreaz\u0103 comanda Completeaz\u0103 datele de contact: Numele, Num\u0103rul de telefon \u0219i Adresa de livrare. 3. Confirmarea comenzii \u00centr-o perioada scurt\u0103 de timp, un manager te va contacta pentru a confirma comanda.<\/p>","protected":false},"author":1,"featured_media":0,"parent":0,"menu_order":0,"comment_status":"closed","ping_status":"closed","template":"","meta":{"site-sidebar-layout":"no-sidebar","site-content-layout":"page-builder","ast-site-content-layout":"","site-content-style":"default","site-sidebar-style":"default","ast-global-header-display":"","ast-banner-title-visibility":"","ast-main-header-display":"","ast-hfb-above-header-display":"","ast-hfb-below-header-display":"","ast-hfb-mobile-header-display":"","site-post-title":"disabled","ast-breadcrumbs-content":"disabled","ast-featured-img":"disabled","footer-sml-layout":"","theme-transparent-header-meta":"default","adv-header-id-meta":"","stick-header-meta":"","header-above-stick-meta":"","header-main-stick-meta":"","header-below-stick-meta":"","astra-migrate-meta-layouts":"default","ast-page-background-enabled":"default","ast-page-background-meta":{"desktop":{"background-color":"","background-image":"","background-repeat":"repeat","background-position":"center center","background-size":"auto","background-attachment":"scroll","background-type":"","background-media":"","overlay-type":"","overlay-color":"","overlay-opacity":"","overlay-gradient":""},"tablet":{"background-color":"","background-image":"","background-repeat":"repeat","background-position":"center center","background-size":"auto","background-attachment":"scroll","background-type":"","background-media":"","overlay-type":"","overlay-color":"","overlay-opacity":"","overlay-gradient":""},"mobile":{"background-color":"","background-image":"","background-repeat":"repeat","background-position":"center center","background-size":"auto","background-attachment":"scroll","background-type":"","background-media":"","overlay-type":"","overlay-color":"","overlay-opacity":"","overlay-gradient":""}},"ast-content-background-meta":{"desktop":{"background-color":"var(--ast-global-color-5)","background-image":"","background-repeat":"repeat","background-position":"center center","background-size":"auto","background-attachment":"scroll","background-type":"","background-media":"","overlay-type":"","overlay-color":"","overlay-opacity":"","overlay-gradient":""},"tablet":{"background-color":"var(--ast-global-color-5)","background-image":"","background-repeat":"repeat","background-position":"center center","background-size":"auto","background-attachment":"scroll","background-type":"","background-media":"","overlay-type":"","overlay-color":"","overlay-opacity":"","overlay-gradient":""},"mobile":{"background-color":"var(--ast-global-color-5)","background-image":"","background-repeat":"repeat","background-position":"center center","background-size":"auto","background-attachment":"scroll","background-type":"","background-media":"","overlay-type":"","overlay-color":"","overlay-opacity":"","overlay-gradient":""}},"footnotes":""},"class_list":["post-1692","page","type-page","status-publish","hentry"],"_links":{"self":[{"href":"https:\/\/simpleshop.md\/ru\/wp-json\/wp\/v2\/pages\/1692","targetHints":{"allow":["GET"]}}],"collection":[{"href":"https:\/\/simpleshop.md\/ru\/wp-json\/wp\/v2\/pages"}],"about":[{"href":"https:\/\/simpleshop.md\/ru\/wp-json\/wp\/v2\/types\/page"}],"author":[{"embeddable":true,"href":"https:\/\/simpleshop.md\/ru\/wp-json\/wp\/v2\/users\/1"}],"replies":[{"embeddable":true,"href":"https:\/\/simpleshop.md\/ru\/wp-json\/wp\/v2\/comments?post=1692"}],"version-history":[{"count":0,"href":"https:\/\/simpleshop.md\/ru\/wp-json\/wp\/v2\/pages\/1692\/revisions"}],"wp:attachment":[{"href":"https:\/\/simpleshop.md\/ru\/wp-json\/wp\/v2\/media?parent=1692"}],"curies":[{"name":"wp","href":"https:\/\/api.w.org\/{rel}","templated":true}]}}