{"id":2574,"date":"2024-11-03T18:49:17","date_gmt":"2024-11-03T18:49:17","guid":{"rendered":"https:\/\/simpleshop.md\/?page_id=2574"},"modified":"2024-11-03T18:54:10","modified_gmt":"2024-11-03T18:54:10","slug":"plata-si-livrarea","status":"publish","type":"page","link":"https:\/\/simpleshop.md\/ru\/plata-si-livrarea\/","title":{"rendered":"Plata \u0219i livrarea"},"content":{"rendered":"<div data-elementor-type=\"wp-page\" data-elementor-id=\"2574\" class=\"elementor elementor-2574\">\n\t\t\t\t<div class=\"elementor-element elementor-element-c2374c5 e-flex e-con-boxed wpr-particle-no wpr-jarallax-no wpr-parallax-no wpr-sticky-section-no e-con e-parent\" data-id=\"c2374c5\" data-element_type=\"container\">\n\t\t\t\t\t<div class=\"e-con-inner\">\n\t\t\t\t<div class=\"elementor-element elementor-element-a2a25d9 elementor-widget elementor-widget-heading\" data-id=\"a2a25d9\" data-element_type=\"widget\" data-widget_type=\"heading.default\">\n\t\t\t\t<div class=\"elementor-widget-container\">\n\t\t\t<h3 class=\"elementor-heading-title elementor-size-default\">Plata \u0219i Livrarea<\/h3>\t\t<\/div>\n\t\t\t\t<\/div>\n\t\t\t\t\t<\/div>\n\t\t\t\t<\/div>\n\t\t<div class=\"elementor-element elementor-element-e766d2a e-flex e-con-boxed wpr-particle-no wpr-jarallax-no wpr-parallax-no wpr-sticky-section-no e-con e-parent\" data-id=\"e766d2a\" data-element_type=\"container\" data-settings=\"{&quot;background_background&quot;:&quot;classic&quot;}\">\n\t\t\t\t\t<div class=\"e-con-inner\">\n\t\t<div class=\"elementor-element elementor-element-8eaa1ea e-flex e-con-boxed wpr-particle-no wpr-jarallax-no wpr-parallax-no wpr-sticky-section-no e-con e-child\" data-id=\"8eaa1ea\" data-element_type=\"container\" data-settings=\"{&quot;background_background&quot;:&quot;gradient&quot;}\">\n\t\t\t\t\t<div class=\"e-con-inner\">\n\t\t<div class=\"elementor-element elementor-element-f23bdb3 e-flex e-con-boxed wpr-particle-no wpr-jarallax-no wpr-parallax-no wpr-sticky-section-no e-con e-child\" data-id=\"f23bdb3\" data-element_type=\"container\">\n\t\t\t\t\t<div class=\"e-con-inner\">\n\t\t\t\t<div class=\"elementor-element elementor-element-66027db elementor-widget elementor-widget-heading\" data-id=\"66027db\" data-element_type=\"widget\" data-widget_type=\"heading.default\">\n\t\t\t\t<div class=\"elementor-widget-container\">\n\t\t\t<h3 class=\"elementor-heading-title elementor-size-default\">Plata este sigur\u0103 la livrare!<\/h3>\t\t<\/div>\n\t\t\t\t<\/div>\n\t\t\t\t<div class=\"elementor-element elementor-element-ad0d60f elementor-widget elementor-widget-text-editor\" data-id=\"ad0d60f\" data-element_type=\"widget\" data-widget_type=\"text-editor.default\">\n\t\t\t\t<div class=\"elementor-widget-container\">\n\t\t\t\t\t\t\t<p><span style=\"font-size: 16px;\">Te asigur\u0103m c\u0103 po\u021bi achita produsele comandate \u00een siguran\u021b\u0103 atunci c\u00e2nd le prime\u0219ti.<\/span><\/p><p>Colabor\u0103m cu servicii de curierat de \u00eencredere pentru a-\u021bi oferi o experien\u021b\u0103 de cump\u0103rare f\u0103r\u0103 griji. Comanda este livrat\u0103 \u00een decursul a 1-3 zile lucr\u0103toare din momentul expedierii comenzii! Comenzile plasate pina la ora 14:00 le veti putea primi deja in urmatoarea zi \u00een Chisinau. Excep\u021bie-zilele de weekend.<\/p><p>Dup\u0103 plasarea comenzii pe pagina oficial\u0103 a magazinului, aceasta urmeaz\u0103 a fi procesat\u0103 \u00een timp util cererea \u0219i va fi repartizat\u0103 c\u0103tre serviciul de expediere. Ve\u021bi primi \u00een mod obligatoriu un sunet de confirmare a st\u0103rii comenzii.<\/p>\t\t\t\t\t\t<\/div>\n\t\t\t\t<\/div>\n\t\t\t\t<div class=\"elementor-element elementor-element-6790d1a elementor-widget elementor-widget-heading\" data-id=\"6790d1a\" data-element_type=\"widget\" data-widget_type=\"heading.default\">\n\t\t\t\t<div class=\"elementor-widget-container\">\n\t\t\t<h3 class=\"elementor-heading-title elementor-size-default\">Pre\u021bul livr\u0103rii :<\/h3>\t\t<\/div>\n\t\t\t\t<\/div>\n\t\t\t\t<div class=\"elementor-element elementor-element-b8d6801 elementor-widget elementor-widget-text-editor\" data-id=\"b8d6801\" data-element_type=\"widget\" data-widget_type=\"text-editor.default\">\n\t\t\t\t<div class=\"elementor-widget-container\">\n\t\t\t\t\t\t\t<ul><li>\u00a0pe National \u00a0\u00a0\u00a0: 60lei (Luni\/ Vineri )<\/li><li>\u00a0prin Chisinau : 50 lei ( Luni\/ Vineri 09:00-18:00 \/ Simbata 09:00-14:00 )<\/li><\/ul><p>Livrare pe teritoriul Transnistriei se efectuaza in decurs de 1-5 zile lucratoare prin intermediul Postei Moldovei .<\/p><p>Vinzatorul va face tot posibilul pentru a respecta conditiile de livrare specificate pe site, cu toate acestea, sunt posibile eventualele intarzieri in livrare, care pot aparea din cauza unor circumstante neprevazute (traficului aglomerat, conditiilor meteorologice, sarbatorilor de stat), si nu din vina vanzatorului.<br \/>Riscul de pierdere accidentala sau deteriorare a produsului se transmite clientului din momentul cind acesta primeste produsul si semneaza in documentele care confirma livrarea.<\/p><p>La primirea comenzii, V\u0103 rug\u0103m s\u0103 verifica\u021bi aspectul exterior si ambalajul produsului, numarul de produse in comanda, integritat\u0103.<\/p><p>V\u0103 rugam sa reveni\u021bi cu o recenzie dupa ce primi\u021bi produsul pentru a fi convinsi ca comanda a ajuns cu succes si dvs ati ramas multumit!<\/p>\t\t\t\t\t\t<\/div>\n\t\t\t\t<\/div>\n\t\t\t\t\t<\/div>\n\t\t\t\t<\/div>\n\t\t<div class=\"elementor-element elementor-element-57eb46f e-con-full e-flex wpr-particle-no wpr-jarallax-no wpr-parallax-no wpr-sticky-section-no e-con e-child\" data-id=\"57eb46f\" data-element_type=\"container\">\n\t\t\t\t<div class=\"elementor-element elementor-element-969fc44 elementor-widget elementor-widget-image\" data-id=\"969fc44\" data-element_type=\"widget\" data-widget_type=\"image.default\">\n\t\t\t\t<div class=\"elementor-widget-container\">\n\t\t\t\t\t\t\t\t\t\t\t\t\t<img fetchpriority=\"high\" decoding=\"async\" width=\"555\" height=\"555\" src=\"https:\/\/simpleshop.md\/wp-content\/uploads\/2024\/07\/onewebtag-blog-feature-image-1024x555-modified.png\" class=\"attachment-large size-large wp-image-2193\" alt=\"\" srcset=\"https:\/\/simpleshop.md\/wp-content\/uploads\/2024\/07\/onewebtag-blog-feature-image-1024x555-modified.png 555w, https:\/\/simpleshop.md\/wp-content\/uploads\/2024\/07\/onewebtag-blog-feature-image-1024x555-modified-300x300.png 300w, https:\/\/simpleshop.md\/wp-content\/uploads\/2024\/07\/onewebtag-blog-feature-image-1024x555-modified-150x150.png 150w, https:\/\/simpleshop.md\/wp-content\/uploads\/2024\/07\/onewebtag-blog-feature-image-1024x555-modified-12x12.png 12w, https:\/\/simpleshop.md\/wp-content\/uploads\/2024\/07\/onewebtag-blog-feature-image-1024x555-modified-100x100.png 100w\" sizes=\"(max-width: 555px) 100vw, 555px\" \/>\t\t\t\t\t\t\t\t\t\t\t\t\t<\/div>\n\t\t\t\t<\/div>\n\t\t\t\t<div class=\"elementor-element elementor-element-1202dde elementor-widget elementor-widget-image\" data-id=\"1202dde\" data-element_type=\"widget\" data-widget_type=\"image.default\">\n\t\t\t\t<div class=\"elementor-widget-container\">\n\t\t\t\t\t\t\t\t\t\t\t\t\t<img decoding=\"async\" width=\"1024\" height=\"1024\" src=\"https:\/\/simpleshop.md\/wp-content\/uploads\/2024\/06\/picture-big-bright-kitchen-with-white-brown-cupboards-with-yellow-pineapple-tea-kettle-white-pepper-mill-metal-hanging-with-fruits-modified-1024x1024.png\" class=\"attachment-large size-large wp-image-2093\" alt=\"\" srcset=\"https:\/\/simpleshop.md\/wp-content\/uploads\/2024\/06\/picture-big-bright-kitchen-with-white-brown-cupboards-with-yellow-pineapple-tea-kettle-white-pepper-mill-metal-hanging-with-fruits-modified-1024x1024.png 1024w, https:\/\/simpleshop.md\/wp-content\/uploads\/2024\/06\/picture-big-bright-kitchen-with-white-brown-cupboards-with-yellow-pineapple-tea-kettle-white-pepper-mill-metal-hanging-with-fruits-modified-300x300.png 300w, https:\/\/simpleshop.md\/wp-content\/uploads\/2024\/06\/picture-big-bright-kitchen-with-white-brown-cupboards-with-yellow-pineapple-tea-kettle-white-pepper-mill-metal-hanging-with-fruits-modified-150x150.png 150w, https:\/\/simpleshop.md\/wp-content\/uploads\/2024\/06\/picture-big-bright-kitchen-with-white-brown-cupboards-with-yellow-pineapple-tea-kettle-white-pepper-mill-metal-hanging-with-fruits-modified-768x768.png 768w, https:\/\/simpleshop.md\/wp-content\/uploads\/2024\/06\/picture-big-bright-kitchen-with-white-brown-cupboards-with-yellow-pineapple-tea-kettle-white-pepper-mill-metal-hanging-with-fruits-modified-1536x1536.png 1536w, https:\/\/simpleshop.md\/wp-content\/uploads\/2024\/06\/picture-big-bright-kitchen-with-white-brown-cupboards-with-yellow-pineapple-tea-kettle-white-pepper-mill-metal-hanging-with-fruits-modified-2048x2048.png 2048w, https:\/\/simpleshop.md\/wp-content\/uploads\/2024\/06\/picture-big-bright-kitchen-with-white-brown-cupboards-with-yellow-pineapple-tea-kettle-white-pepper-mill-metal-hanging-with-fruits-modified-12x12.png 12w, https:\/\/simpleshop.md\/wp-content\/uploads\/2024\/06\/picture-big-bright-kitchen-with-white-brown-cupboards-with-yellow-pineapple-tea-kettle-white-pepper-mill-metal-hanging-with-fruits-modified-600x600.png 600w, https:\/\/simpleshop.md\/wp-content\/uploads\/2024\/06\/picture-big-bright-kitchen-with-white-brown-cupboards-with-yellow-pineapple-tea-kettle-white-pepper-mill-metal-hanging-with-fruits-modified-100x100.png 100w\" sizes=\"(max-width: 1024px) 100vw, 1024px\" \/>\t\t\t\t\t\t\t\t\t\t\t\t\t<\/div>\n\t\t\t\t<\/div>\n\t\t\t\t<\/div>\n\t\t\t\t\t<\/div>\n\t\t\t\t<\/div>\n\t\t\t\t\t<\/div>\n\t\t\t\t<\/div>\n\t\t\t\t<\/div>","protected":false},"excerpt":{"rendered":"<p>Plata \u0219i Livrarea Plata este sigur\u0103 la livrare! Te asigur\u0103m c\u0103 po\u021bi achita produsele comandate \u00een siguran\u021b\u0103 atunci c\u00e2nd le prime\u0219ti. Colabor\u0103m cu servicii de curierat de \u00eencredere pentru a-\u021bi oferi o experien\u021b\u0103 de cump\u0103rare f\u0103r\u0103 griji. Comanda este livrat\u0103 \u00een decursul a 1-3 zile lucr\u0103toare din momentul expedierii comenzii! Comenzile plasate pina la ora 14:00 le veti putea primi deja in urmatoarea zi \u00een Chisinau. Excep\u021bie-zilele de weekend. Dup\u0103 plasarea comenzii pe pagina oficial\u0103 a magazinului, aceasta urmeaz\u0103 a fi procesat\u0103 \u00een timp util cererea \u0219i va fi repartizat\u0103 c\u0103tre serviciul de expediere. Ve\u021bi primi \u00een mod obligatoriu un sunet de confirmare a st\u0103rii comenzii. Pre\u021bul livr\u0103rii : \u00a0pe National \u00a0\u00a0\u00a0: 60lei (Luni\/ Vineri ) \u00a0prin Chisinau : 50 lei ( Luni\/ Vineri 09:00-18:00 \/ Simbata 09:00-14:00 ) Livrare pe teritoriul Transnistriei se efectuaza in decurs de 1-5 zile lucratoare prin intermediul Postei Moldovei . Vinzatorul va face tot posibilul pentru a respecta conditiile de livrare specificate pe site, cu toate acestea, sunt posibile eventualele intarzieri in livrare, care pot aparea din cauza unor circumstante neprevazute (traficului aglomerat, conditiilor meteorologice, sarbatorilor de stat), si nu din vina vanzatorului.Riscul de pierdere accidentala sau deteriorare a produsului se transmite clientului din momentul cind acesta primeste produsul si semneaza in documentele care confirma livrarea. La primirea comenzii, V\u0103 rug\u0103m s\u0103 verifica\u021bi aspectul exterior si ambalajul produsului, numarul de produse in comanda, integritat\u0103. V\u0103 rugam sa reveni\u021bi cu o recenzie dupa ce primi\u021bi produsul pentru a fi convinsi ca comanda a ajuns cu succes si dvs ati ramas multumit!<\/p>","protected":false},"author":1,"featured_media":0,"parent":0,"menu_order":0,"comment_status":"closed","ping_status":"closed","template":"","meta":{"site-sidebar-layout":"no-sidebar","site-content-layout":"page-builder","ast-site-content-layout":"","site-content-style":"default","site-sidebar-style":"default","ast-global-header-display":"","ast-banner-title-visibility":"","ast-main-header-display":"","ast-hfb-above-header-display":"","ast-hfb-below-header-display":"","ast-hfb-mobile-header-display":"","site-post-title":"disabled","ast-breadcrumbs-content":"disabled","ast-featured-img":"disabled","footer-sml-layout":"","theme-transparent-header-meta":"default","adv-header-id-meta":"","stick-header-meta":"","header-above-stick-meta":"","header-main-stick-meta":"","header-below-stick-meta":"","astra-migrate-meta-layouts":"default","ast-page-background-enabled":"default","ast-page-background-meta":{"desktop":{"background-color":"","background-image":"","background-repeat":"repeat","background-position":"center center","background-size":"auto","background-attachment":"scroll","background-type":"","background-media":"","overlay-type":"","overlay-color":"","overlay-opacity":"","overlay-gradient":""},"tablet":{"background-color":"","background-image":"","background-repeat":"repeat","background-position":"center center","background-size":"auto","background-attachment":"scroll","background-type":"","background-media":"","overlay-type":"","overlay-color":"","overlay-opacity":"","overlay-gradient":""},"mobile":{"background-color":"","background-image":"","background-repeat":"repeat","background-position":"center center","background-size":"auto","background-attachment":"scroll","background-type":"","background-media":"","overlay-type":"","overlay-color":"","overlay-opacity":"","overlay-gradient":""}},"ast-content-background-meta":{"desktop":{"background-color":"var(--ast-global-color-5)","background-image":"","background-repeat":"repeat","background-position":"center center","background-size":"auto","background-attachment":"scroll","background-type":"","background-media":"","overlay-type":"","overlay-color":"","overlay-opacity":"","overlay-gradient":""},"tablet":{"background-color":"var(--ast-global-color-5)","background-image":"","background-repeat":"repeat","background-position":"center center","background-size":"auto","background-attachment":"scroll","background-type":"","background-media":"","overlay-type":"","overlay-color":"","overlay-opacity":"","overlay-gradient":""},"mobile":{"background-color":"var(--ast-global-color-5)","background-image":"","background-repeat":"repeat","background-position":"center center","background-size":"auto","background-attachment":"scroll","background-type":"","background-media":"","overlay-type":"","overlay-color":"","overlay-opacity":"","overlay-gradient":""}},"footnotes":""},"class_list":["post-2574","page","type-page","status-publish","hentry"],"_links":{"self":[{"href":"https:\/\/simpleshop.md\/ru\/wp-json\/wp\/v2\/pages\/2574","targetHints":{"allow":["GET"]}}],"collection":[{"href":"https:\/\/simpleshop.md\/ru\/wp-json\/wp\/v2\/pages"}],"about":[{"href":"https:\/\/simpleshop.md\/ru\/wp-json\/wp\/v2\/types\/page"}],"author":[{"embeddable":true,"href":"https:\/\/simpleshop.md\/ru\/wp-json\/wp\/v2\/users\/1"}],"replies":[{"embeddable":true,"href":"https:\/\/simpleshop.md\/ru\/wp-json\/wp\/v2\/comments?post=2574"}],"version-history":[{"count":0,"href":"https:\/\/simpleshop.md\/ru\/wp-json\/wp\/v2\/pages\/2574\/revisions"}],"wp:attachment":[{"href":"https:\/\/simpleshop.md\/ru\/wp-json\/wp\/v2\/media?parent=2574"}],"curies":[{"name":"wp","href":"https:\/\/api.w.org\/{rel}","templated":true}]}}