{"id":2350,"date":"2024-10-28T13:37:00","date_gmt":"2024-10-28T13:37:00","guid":{"rendered":"https:\/\/simpleshop.md\/?post_type=product&#038;p=2350"},"modified":"2025-12-08T11:53:03","modified_gmt":"2025-12-08T11:53:03","slug":"dozator-pentru-ulei-masline-deschidere-si-inchidere-automata","status":"publish","type":"product","link":"https:\/\/simpleshop.md\/ru\/product\/dozator-pentru-ulei-masline-deschidere-si-inchidere-automata\/","title":{"rendered":"Dozator pentru ulei m\u0103sline. Deschidere \u0219i \u00eenchidere automat\u0103 \/ \u0421\u0442\u0435\u043a\u043b\u044f\u043d\u043d\u0430\u044f \u0451\u043c\u043a\u043e\u0441\u0442\u044c \u0434\u043b\u044f \u043c\u0430\u0441\u043b\u0430 \u0441 \u0430\u0432\u0442\u043e \u043a\u043b\u0430\u043f\u0430\u043d\u043e\u043c \u0438 \u0440\u0443\u0447\u043a\u043e\u0439"},"content":{"rendered":"","protected":false},"excerpt":{"rendered":"<p style=\"font-weight: 400;\"><strong>Cantitate: <\/strong>1 bucat\u0103<\/p>\n<p style=\"font-weight: 400;\"><strong>Material<\/strong>: HIPS &amp; Silicon<\/p>\n<p style=\"font-weight: 400;\"><strong>Dimensiuni:<\/strong> 20.1 cm x 11.2 cm<\/p>\n<p style=\"font-weight: 400;\"><strong>Volum:<\/strong> 550 ml<\/p>\n<p style=\"font-weight: 400;\"><strong>Culoare:<\/strong> Verde<\/p>\n<p style=\"font-weight: 400;\">\u041f\u0440\u0435\u0438\u043c\u0443\u0449\u0435\u0441\u0442\u0432\u0430:<\/p>\n<ul style=\"font-weight: 400;\">\n<li>Dozator ulei, o\u021bet, sosuri;<\/li>\n<li>Deschidere\/\u00eenchidere automat\u0103;<\/li>\n<li>Sticl\u0103 cu diametru mare, umplere f\u0103r\u0103 p\u00e2lnie;<\/li>\n<li>M\u00e2ner comod \u0219i stabil;<\/li>\n<li>Durabil, nu se sparge.<\/li>\n<\/ul>","protected":false},"featured_media":2351,"comment_status":"open","ping_status":"closed","template":"","meta":{"site-sidebar-layout":"default","site-content-layout":"","ast-site-content-layout":"default","site-content-style":"default","site-sidebar-style":"default","ast-global-header-display":"","ast-banner-title-visibility":"","ast-main-header-display":"","ast-hfb-above-header-display":"","ast-hfb-below-header-display":"","ast-hfb-mobile-header-display":"","site-post-title":"","ast-breadcrumbs-content":"","ast-featured-img":"","footer-sml-layout":"","theme-transparent-header-meta":"default","adv-header-id-meta":"","stick-header-meta":"","header-above-stick-meta":"","header-main-stick-meta":"","header-below-stick-meta":"","astra-migrate-meta-layouts":"set","ast-page-background-enabled":"default","ast-page-background-meta":{"desktop":{"background-color":"","background-image":"","background-repeat":"repeat","background-position":"center center","background-size":"auto","background-attachment":"scroll","background-type":"","background-media":"","overlay-type":"","overlay-color":"","overlay-opacity":"","overlay-gradient":""},"tablet":{"background-color":"","background-image":"","background-repeat":"repeat","background-position":"center center","background-size":"auto","background-attachment":"scroll","background-type":"","background-media":"","overlay-type":"","overlay-color":"","overlay-opacity":"","overlay-gradient":""},"mobile":{"background-color":"","background-image":"","background-repeat":"repeat","background-position":"center center","background-size":"auto","background-attachment":"scroll","background-type":"","background-media":"","overlay-type":"","overlay-color":"","overlay-opacity":"","overlay-gradient":""}},"ast-content-background-meta":{"desktop":{"background-color":"var(--ast-global-color-5)","background-image":"","background-repeat":"repeat","background-position":"center center","background-size":"auto","background-attachment":"scroll","background-type":"","background-media":"","overlay-type":"","overlay-color":"","overlay-opacity":"","overlay-gradient":""},"tablet":{"background-color":"var(--ast-global-color-5)","background-image":"","background-repeat":"repeat","background-position":"center center","background-size":"auto","background-attachment":"scroll","background-type":"","background-media":"","overlay-type":"","overlay-color":"","overlay-opacity":"","overlay-gradient":""},"mobile":{"background-color":"var(--ast-global-color-5)","background-image":"","background-repeat":"repeat","background-position":"center center","background-size":"auto","background-attachment":"scroll","background-type":"","background-media":"","overlay-type":"","overlay-color":"","overlay-opacity":"","overlay-gradient":""}}},"product_cat":[26],"product_tag":[],"class_list":{"0":"post-2350","1":"product","2":"type-product","3":"status-publish","4":"has-post-thumbnail","6":"product_cat-bucatarie","7":"desktop-align-left","8":"tablet-align-left","9":"mobile-align-left","11":"first","12":"instock","13":"sale","14":"shipping-taxable","15":"purchasable","16":"product-type-simple"},"_links":{"self":[{"href":"https:\/\/simpleshop.md\/ru\/wp-json\/wp\/v2\/product\/2350","targetHints":{"allow":["GET"]}}],"collection":[{"href":"https:\/\/simpleshop.md\/ru\/wp-json\/wp\/v2\/product"}],"about":[{"href":"https:\/\/simpleshop.md\/ru\/wp-json\/wp\/v2\/types\/product"}],"replies":[{"embeddable":true,"href":"https:\/\/simpleshop.md\/ru\/wp-json\/wp\/v2\/comments?post=2350"}],"wp:featuredmedia":[{"embeddable":true,"href":"https:\/\/simpleshop.md\/ru\/wp-json\/wp\/v2\/media\/2351"}],"wp:attachment":[{"href":"https:\/\/simpleshop.md\/ru\/wp-json\/wp\/v2\/media?parent=2350"}],"wp:term":[{"taxonomy":"product_cat","embeddable":true,"href":"https:\/\/simpleshop.md\/ru\/wp-json\/wp\/v2\/product_cat?post=2350"},{"taxonomy":"product_tag","embeddable":true,"href":"https:\/\/simpleshop.md\/ru\/wp-json\/wp\/v2\/product_tag?post=2350"}],"curies":[{"name":"wp","href":"https:\/\/api.w.org\/{rel}","templated":true}]}}