{"id":2399,"date":"2024-10-28T16:56:45","date_gmt":"2024-10-28T16:56:45","guid":{"rendered":"https:\/\/simpleshop.md\/?post_type=product&#038;p=2399"},"modified":"2025-12-08T11:55:44","modified_gmt":"2025-12-08T11:55:44","slug":"set-din-4-buc-gel-odorizare-si-curatare-toaleta","status":"publish","type":"product","link":"https:\/\/simpleshop.md\/ru\/product\/set-din-4-buc-gel-odorizare-si-curatare-toaleta\/","title":{"rendered":"Set din 4 buc  Gel odorizare \u0219i cur\u0103\u021bare  toalet\u0103 \/ \u0426\u0432\u0435\u0442\u043e\u0447\u043d\u044b\u0439 \u0430\u0440\u043e\u043c\u0430\u0442\u0438\u0437\u0430\u0442\u043e\u0440, \u0433\u0435\u043b\u044c \u0434\u043b\u044f \u0443\u043d\u0438\u0442\u0430\u0437\u0430 \u0441 \u0434\u043e\u0437\u0430\u0442\u043e\u0440\u043e\u043c"},"content":{"rendered":"","protected":false},"excerpt":{"rendered":"<p style=\"font-weight: 400;\"><strong>Cantitate: <\/strong>1 set (4 buca\u021bi, 56 \u0219tampile)<\/p>\n<p style=\"font-weight: 400;\"><strong>Suport :\u00a0 <\/strong>Material plastic, alb transparent<\/p>\n<p style=\"font-weight: 400;\"><strong>Dimensiune:<\/strong> 9,5 cm * 8,5 cm* 3 cm<\/p>\n<p><strong>Gel 4 arome<\/strong>: lam\u00e2ie, ocean,gardenia, trandafir<\/p>\n<p style=\"font-weight: 400;\"><strong>\u041f\u0440\u0435\u0438\u043c\u0443\u0449\u0435\u0441\u0442\u0432\u0430:<\/strong><\/p>\n<ul style=\"font-weight: 400;\">\n<li>Aromatizare pl\u0103cut\u0103 \u00een baie<\/li>\n<li>Cur\u0103\u021bare \u0219i dezinfec\u021bie<\/li>\n<li>U\u0219or de aplicat pe suprafa\u021ba toaletei<\/li>\n<li>Atmosfer\u0103 vesel\u0103<\/li>\n<\/ul>","protected":false},"featured_media":2400,"comment_status":"open","ping_status":"closed","template":"","meta":{"site-sidebar-layout":"default","site-content-layout":"","ast-site-content-layout":"default","site-content-style":"default","site-sidebar-style":"default","ast-global-header-display":"","ast-banner-title-visibility":"","ast-main-header-display":"","ast-hfb-above-header-display":"","ast-hfb-below-header-display":"","ast-hfb-mobile-header-display":"","site-post-title":"","ast-breadcrumbs-content":"","ast-featured-img":"","footer-sml-layout":"","theme-transparent-header-meta":"default","adv-header-id-meta":"","stick-header-meta":"","header-above-stick-meta":"","header-main-stick-meta":"","header-below-stick-meta":"","astra-migrate-meta-layouts":"set","ast-page-background-enabled":"default","ast-page-background-meta":{"desktop":{"background-color":"","background-image":"","background-repeat":"repeat","background-position":"center center","background-size":"auto","background-attachment":"scroll","background-type":"","background-media":"","overlay-type":"","overlay-color":"","overlay-opacity":"","overlay-gradient":""},"tablet":{"background-color":"","background-image":"","background-repeat":"repeat","background-position":"center center","background-size":"auto","background-attachment":"scroll","background-type":"","background-media":"","overlay-type":"","overlay-color":"","overlay-opacity":"","overlay-gradient":""},"mobile":{"background-color":"","background-image":"","background-repeat":"repeat","background-position":"center center","background-size":"auto","background-attachment":"scroll","background-type":"","background-media":"","overlay-type":"","overlay-color":"","overlay-opacity":"","overlay-gradient":""}},"ast-content-background-meta":{"desktop":{"background-color":"var(--ast-global-color-5)","background-image":"","background-repeat":"repeat","background-position":"center center","background-size":"auto","background-attachment":"scroll","background-type":"","background-media":"","overlay-type":"","overlay-color":"","overlay-opacity":"","overlay-gradient":""},"tablet":{"background-color":"var(--ast-global-color-5)","background-image":"","background-repeat":"repeat","background-position":"center center","background-size":"auto","background-attachment":"scroll","background-type":"","background-media":"","overlay-type":"","overlay-color":"","overlay-opacity":"","overlay-gradient":""},"mobile":{"background-color":"var(--ast-global-color-5)","background-image":"","background-repeat":"repeat","background-position":"center center","background-size":"auto","background-attachment":"scroll","background-type":"","background-media":"","overlay-type":"","overlay-color":"","overlay-opacity":"","overlay-gradient":""}}},"product_cat":[27],"product_tag":[],"class_list":{"0":"post-2399","1":"product","2":"type-product","3":"status-publish","4":"has-post-thumbnail","6":"product_cat-baie","7":"desktop-align-left","8":"tablet-align-left","9":"mobile-align-left","11":"first","12":"instock","13":"sale","14":"shipping-taxable","15":"purchasable","16":"product-type-simple"},"_links":{"self":[{"href":"https:\/\/simpleshop.md\/ru\/wp-json\/wp\/v2\/product\/2399","targetHints":{"allow":["GET"]}}],"collection":[{"href":"https:\/\/simpleshop.md\/ru\/wp-json\/wp\/v2\/product"}],"about":[{"href":"https:\/\/simpleshop.md\/ru\/wp-json\/wp\/v2\/types\/product"}],"replies":[{"embeddable":true,"href":"https:\/\/simpleshop.md\/ru\/wp-json\/wp\/v2\/comments?post=2399"}],"wp:featuredmedia":[{"embeddable":true,"href":"https:\/\/simpleshop.md\/ru\/wp-json\/wp\/v2\/media\/2400"}],"wp:attachment":[{"href":"https:\/\/simpleshop.md\/ru\/wp-json\/wp\/v2\/media?parent=2399"}],"wp:term":[{"taxonomy":"product_cat","embeddable":true,"href":"https:\/\/simpleshop.md\/ru\/wp-json\/wp\/v2\/product_cat?post=2399"},{"taxonomy":"product_tag","embeddable":true,"href":"https:\/\/simpleshop.md\/ru\/wp-json\/wp\/v2\/product_tag?post=2399"}],"curies":[{"name":"wp","href":"https:\/\/api.w.org\/{rel}","templated":true}]}}