{"id":2558,"date":"2024-11-02T15:09:12","date_gmt":"2024-11-02T15:09:12","guid":{"rendered":"https:\/\/simpleshop.md\/?post_type=product&#038;p=2558"},"modified":"2025-12-08T11:50:59","modified_gmt":"2025-12-08T11:50:59","slug":"pernuta-decorativa-in-forma-de-floare-%e2%8c%80-40cm-2","status":"publish","type":"product","link":"https:\/\/simpleshop.md\/ru\/product\/pernuta-decorativa-in-forma-de-floare-%e2%8c%80-40cm-2\/","title":{"rendered":"Pernu\u021b\u0103 decorativ\u0103 in form\u0103 de floare \u2300 40cm \/\/ \u0414\u0435\u043a\u043e\u0440\u0430\u0442\u0438\u0432\u043d\u0430\u044f \u043f\u043e\u0434\u0443\u0448\u043a\u0430 \u0446\u0432\u0435\u0442\u043e\u043a \u2300 40cm"},"content":{"rendered":"","protected":false},"excerpt":{"rendered":"<p style=\"font-weight: 400;\"><strong>Cantitate:<\/strong> 1 bucat\u0103<\/p>\n<p style=\"font-weight: 400;\"><strong>Material hus\u0103: <\/strong>Poliester , spandex<\/p>\n<p style=\"font-weight: 400;\"><strong>Material de umplere: <\/strong>Bumbac<\/p>\n<p style=\"font-weight: 400;\"><strong>Dimensiunea :<\/strong> 40 cm *40 cm<\/p>\n<p style=\"font-weight: 400;\"><strong>Culoare : <\/strong>Alb<\/p>\n<p style=\"font-weight: 400;\">\u041f\u0440\u0435\u0438\u043c\u0443\u0449\u0435\u0441\u0442\u0432\u0430:<\/p>\n<ul style=\"font-weight: 400;\">\n<li style=\"list-style-type: none;\">\n<ul style=\"font-weight: 400;\">\n<li>Confort suprem, delicat\u0103 \u0219i moale<\/li>\n<li>Anti-static, anti-pilling, non-toxic<\/li>\n<li>Deta\u0219abil \u0219i lavabil manual<\/li>\n<li>\u00a0Ad\u0103uga\u021bi o not\u0103 \u00a0decorativ\u0103 oric\u0103rui dormitor, camer\u0103 copii, sufragerie sau chiar \u00een masin\u0103<\/li>\n<\/ul>\n<\/li>\n<\/ul>\n<p>&nbsp;<\/p>","protected":false},"featured_media":2854,"comment_status":"open","ping_status":"closed","template":"","meta":{"site-sidebar-layout":"default","site-content-layout":"","ast-site-content-layout":"default","site-content-style":"default","site-sidebar-style":"default","ast-global-header-display":"","ast-banner-title-visibility":"","ast-main-header-display":"","ast-hfb-above-header-display":"","ast-hfb-below-header-display":"","ast-hfb-mobile-header-display":"","site-post-title":"","ast-breadcrumbs-content":"","ast-featured-img":"","footer-sml-layout":"","theme-transparent-header-meta":"default","adv-header-id-meta":"","stick-header-meta":"","header-above-stick-meta":"","header-main-stick-meta":"","header-below-stick-meta":"","astra-migrate-meta-layouts":"set","ast-page-background-enabled":"default","ast-page-background-meta":{"desktop":{"background-color":"","background-image":"","background-repeat":"repeat","background-position":"center center","background-size":"auto","background-attachment":"scroll","background-type":"","background-media":"","overlay-type":"","overlay-color":"","overlay-opacity":"","overlay-gradient":""},"tablet":{"background-color":"","background-image":"","background-repeat":"repeat","background-position":"center center","background-size":"auto","background-attachment":"scroll","background-type":"","background-media":"","overlay-type":"","overlay-color":"","overlay-opacity":"","overlay-gradient":""},"mobile":{"background-color":"","background-image":"","background-repeat":"repeat","background-position":"center center","background-size":"auto","background-attachment":"scroll","background-type":"","background-media":"","overlay-type":"","overlay-color":"","overlay-opacity":"","overlay-gradient":""}},"ast-content-background-meta":{"desktop":{"background-color":"var(--ast-global-color-5)","background-image":"","background-repeat":"repeat","background-position":"center center","background-size":"auto","background-attachment":"scroll","background-type":"","background-media":"","overlay-type":"","overlay-color":"","overlay-opacity":"","overlay-gradient":""},"tablet":{"background-color":"var(--ast-global-color-5)","background-image":"","background-repeat":"repeat","background-position":"center center","background-size":"auto","background-attachment":"scroll","background-type":"","background-media":"","overlay-type":"","overlay-color":"","overlay-opacity":"","overlay-gradient":""},"mobile":{"background-color":"var(--ast-global-color-5)","background-image":"","background-repeat":"repeat","background-position":"center center","background-size":"auto","background-attachment":"scroll","background-type":"","background-media":"","overlay-type":"","overlay-color":"","overlay-opacity":"","overlay-gradient":""}}},"product_cat":[29],"product_tag":[],"class_list":{"0":"post-2558","1":"product","2":"type-product","3":"status-publish","4":"has-post-thumbnail","6":"product_cat-living","7":"desktop-align-left","8":"tablet-align-left","9":"mobile-align-left","11":"first","12":"instock","13":"sale","14":"shipping-taxable","15":"purchasable","16":"product-type-simple"},"_links":{"self":[{"href":"https:\/\/simpleshop.md\/ru\/wp-json\/wp\/v2\/product\/2558","targetHints":{"allow":["GET"]}}],"collection":[{"href":"https:\/\/simpleshop.md\/ru\/wp-json\/wp\/v2\/product"}],"about":[{"href":"https:\/\/simpleshop.md\/ru\/wp-json\/wp\/v2\/types\/product"}],"replies":[{"embeddable":true,"href":"https:\/\/simpleshop.md\/ru\/wp-json\/wp\/v2\/comments?post=2558"}],"wp:featuredmedia":[{"embeddable":true,"href":"https:\/\/simpleshop.md\/ru\/wp-json\/wp\/v2\/media\/2854"}],"wp:attachment":[{"href":"https:\/\/simpleshop.md\/ru\/wp-json\/wp\/v2\/media?parent=2558"}],"wp:term":[{"taxonomy":"product_cat","embeddable":true,"href":"https:\/\/simpleshop.md\/ru\/wp-json\/wp\/v2\/product_cat?post=2558"},{"taxonomy":"product_tag","embeddable":true,"href":"https:\/\/simpleshop.md\/ru\/wp-json\/wp\/v2\/product_tag?post=2558"}],"curies":[{"name":"wp","href":"https:\/\/api.w.org\/{rel}","templated":true}]}}