{"id":2561,"date":"2024-11-02T15:17:06","date_gmt":"2024-11-02T15:17:06","guid":{"rendered":"https:\/\/simpleshop.md\/?post_type=product&#038;p=2561"},"modified":"2025-12-08T12:05:15","modified_gmt":"2025-12-08T12:05:15","slug":"cadou-geanta-cumparaturi-pliabila-sacosa-%d1%81%d1%83%d0%bc%d0%ba%d0%b0-%d1%81%d0%ba%d0%bb%d0%b0%d0%b4%d0%bd%d0%b0%d1%8f-ieftin-econom-pret-bun","status":"publish","type":"product","link":"https:\/\/simpleshop.md\/ru\/product\/cadou-geanta-cumparaturi-pliabila-sacosa-%d1%81%d1%83%d0%bc%d0%ba%d0%b0-%d1%81%d0%ba%d0%bb%d0%b0%d0%b4%d0%bd%d0%b0%d1%8f-ieftin-econom-pret-bun\/","title":{"rendered":"Geant\u0103 pliabil\u0103 pentru cump\u0103r\u0103turi \/ \u0421\u043a\u043b\u0430\u0434\u043d\u0430\u044f  \u0441\u0443\u043c\u043a\u0430 \u0434\u043b\u044f \u043f\u043e\u043a\u0443\u043f\u043e\u043a"},"content":{"rendered":"","protected":false},"excerpt":{"rendered":"<p style=\"font-weight: 400;\"><strong>Cantitate: <\/strong>1 bucat\u0103<\/p>\n<p style=\"font-weight: 400;\"><strong>Material: Oxford &#8211;<\/strong>poliester de calitate premium (repelente la ap\u0103)<\/p>\n<p><strong>Dimensiune geant\u0103:<\/strong> 57 cm x 40 cm x 7 cm<\/p>\n<p><strong>Dimensiune pliat\u0103:<\/strong> 12 cm x 12 cm<\/p>\n<p style=\"font-weight: 400;\"><strong>Culoare :<\/strong> 1Verde. 1rosu, 1albastru+ 1gri<\/p>\n<p style=\"font-weight: 400;\">\u041f\u0440\u0435\u0438\u043c\u0443\u0449\u0435\u0441\u0442\u0432\u0430:<\/p>\n<ul style=\"font-weight: 400;\">\n<li>Compact\u0103, ieftin\u0103, rezistent\u0103, u\u0219oar\u0103, multifunc\u021bional\u0103, ecologic\u0103;<\/li>\n<li>Economisi\u021bi semnificativ bugetul familiei;<\/li>\n<li>Ecologic\u0103, va dura at\u00e2t timp c\u00e2t po\u021bi folosi \u0219i arunca mai mult de 1000 pungi de plastic;<\/li>\n<li>Durabil\u0103, va rezista de 5 ori mai mult\u0103 greutate dec\u00e2t o pung\u0103 de plastic;<\/li>\n<li>Reutilizabil\u0103, se spal\u0103 \u00een ma\u0219ina de sp\u0103lat;<\/li>\n<li>Se pliaz\u0103 la o dimensiune minim\u0103, f\u0103c\u00e2ndu-le comode de purtat\u00a0 \u0219i sunt la \u00eendem\u00e2n\u0103 tot timpul;<\/li>\n<li>Au m\u00e2nere puternice \u0219i cus\u0103turi de \u00eenalt\u0103 calitate, cusute cu fir \u00eent\u0103rit.<\/li>\n<\/ul>","protected":false},"featured_media":2890,"comment_status":"open","ping_status":"closed","template":"","meta":{"site-sidebar-layout":"default","site-content-layout":"","ast-site-content-layout":"default","site-content-style":"default","site-sidebar-style":"default","ast-global-header-display":"","ast-banner-title-visibility":"","ast-main-header-display":"","ast-hfb-above-header-display":"","ast-hfb-below-header-display":"","ast-hfb-mobile-header-display":"","site-post-title":"","ast-breadcrumbs-content":"","ast-featured-img":"","footer-sml-layout":"","theme-transparent-header-meta":"default","adv-header-id-meta":"","stick-header-meta":"","header-above-stick-meta":"","header-main-stick-meta":"","header-below-stick-meta":"","astra-migrate-meta-layouts":"set","ast-page-background-enabled":"default","ast-page-background-meta":{"desktop":{"background-color":"","background-image":"","background-repeat":"repeat","background-position":"center center","background-size":"auto","background-attachment":"scroll","background-type":"","background-media":"","overlay-type":"","overlay-color":"","overlay-opacity":"","overlay-gradient":""},"tablet":{"background-color":"","background-image":"","background-repeat":"repeat","background-position":"center center","background-size":"auto","background-attachment":"scroll","background-type":"","background-media":"","overlay-type":"","overlay-color":"","overlay-opacity":"","overlay-gradient":""},"mobile":{"background-color":"","background-image":"","background-repeat":"repeat","background-position":"center center","background-size":"auto","background-attachment":"scroll","background-type":"","background-media":"","overlay-type":"","overlay-color":"","overlay-opacity":"","overlay-gradient":""}},"ast-content-background-meta":{"desktop":{"background-color":"var(--ast-global-color-5)","background-image":"","background-repeat":"repeat","background-position":"center center","background-size":"auto","background-attachment":"scroll","background-type":"","background-media":"","overlay-type":"","overlay-color":"","overlay-opacity":"","overlay-gradient":""},"tablet":{"background-color":"var(--ast-global-color-5)","background-image":"","background-repeat":"repeat","background-position":"center center","background-size":"auto","background-attachment":"scroll","background-type":"","background-media":"","overlay-type":"","overlay-color":"","overlay-opacity":"","overlay-gradient":""},"mobile":{"background-color":"var(--ast-global-color-5)","background-image":"","background-repeat":"repeat","background-position":"center center","background-size":"auto","background-attachment":"scroll","background-type":"","background-media":"","overlay-type":"","overlay-color":"","overlay-opacity":"","overlay-gradient":""}}},"product_cat":[32],"product_tag":[],"class_list":{"0":"post-2561","1":"product","2":"type-product","3":"status-publish","4":"has-post-thumbnail","6":"product_cat-promotii","7":"desktop-align-left","8":"tablet-align-left","9":"mobile-align-left","11":"first","12":"instock","13":"sale","14":"featured","15":"shipping-taxable","16":"purchasable","17":"product-type-simple"},"_links":{"self":[{"href":"https:\/\/simpleshop.md\/ru\/wp-json\/wp\/v2\/product\/2561","targetHints":{"allow":["GET"]}}],"collection":[{"href":"https:\/\/simpleshop.md\/ru\/wp-json\/wp\/v2\/product"}],"about":[{"href":"https:\/\/simpleshop.md\/ru\/wp-json\/wp\/v2\/types\/product"}],"replies":[{"embeddable":true,"href":"https:\/\/simpleshop.md\/ru\/wp-json\/wp\/v2\/comments?post=2561"}],"wp:featuredmedia":[{"embeddable":true,"href":"https:\/\/simpleshop.md\/ru\/wp-json\/wp\/v2\/media\/2890"}],"wp:attachment":[{"href":"https:\/\/simpleshop.md\/ru\/wp-json\/wp\/v2\/media?parent=2561"}],"wp:term":[{"taxonomy":"product_cat","embeddable":true,"href":"https:\/\/simpleshop.md\/ru\/wp-json\/wp\/v2\/product_cat?post=2561"},{"taxonomy":"product_tag","embeddable":true,"href":"https:\/\/simpleshop.md\/ru\/wp-json\/wp\/v2\/product_tag?post=2561"}],"curies":[{"name":"wp","href":"https:\/\/api.w.org\/{rel}","templated":true}]}}