{"id":2562,"date":"2024-11-02T15:29:42","date_gmt":"2024-11-02T15:29:42","guid":{"rendered":"https:\/\/simpleshop.md\/?post_type=product&#038;p=2562"},"modified":"2025-12-08T11:45:41","modified_gmt":"2025-12-08T11:45:41","slug":"baie-veceu-toaleta-%d0%b2%d0%b0%d0%bd%d0%bd%d0%b0%d1%8f-%d1%83%d0%bd%d0%b8%d1%82%d0%b0%d0%b7-%d1%83%d0%b1%d0%be%d1%80%d0%ba%d0%b0-pret-bun-ieftin-econom-aromatizator-deodorant-gel","status":"publish","type":"product","link":"https:\/\/simpleshop.md\/ru\/product\/baie-veceu-toaleta-%d0%b2%d0%b0%d0%bd%d0%bd%d0%b0%d1%8f-%d1%83%d0%bd%d0%b8%d1%82%d0%b0%d0%b7-%d1%83%d0%b1%d0%be%d1%80%d0%ba%d0%b0-pret-bun-ieftin-econom-aromatizator-deodorant-gel\/","title":{"rendered":"Gel odorizare \u0219i cur\u0103\u021bare toalet\u0103 \/ \u0426\u0432\u0435\u0442\u043e\u0447\u043d\u044b\u0439 \u0430\u0440\u043e\u043c\u0430\u0442\u0438\u0437\u0430\u0442\u043e\u0440, \u0433\u0435\u043b\u044c \u0434\u043b\u044f \u0443\u043d\u0438\u0442\u0430\u0437\u0430 \u0441 \u0434\u043e\u0437\u0430\u0442\u043e\u0440\u043e\u043c"},"content":{"rendered":"","protected":false},"excerpt":{"rendered":"<p><strong>Cantitate: 1<\/strong> bucat\u0103, 14 \u0219tampile)<\/p>\n<p><strong>Suport :\u00a0\u00a0<\/strong>Material plastic, alb transparent<\/p>\n<p><strong>Dimensiune:<\/strong>\u00a09,5 cm * 8,5 cm* 3 cm<\/p>\n<p><strong>Gel 4 arome<\/strong>: lam\u00e2ie, ocean,gardenia, trandafir<\/p>\n<p><strong>\u041f\u0440\u0435\u0438\u043c\u0443\u0449\u0435\u0441\u0442\u0432\u0430:<\/strong><\/p>\n<ul>\n<li>Aromatizare pl\u0103cut\u0103 \u00een baie<\/li>\n<li>Cur\u0103\u021bare \u0219i dezinfec\u021bie<\/li>\n<li>U\u0219or de aplicat pe suprafa\u021ba toaletei<\/li>\n<li>Atmosfer\u0103 vesel\u0103<\/li>\n<\/ul>","protected":false},"featured_media":2894,"comment_status":"open","ping_status":"closed","template":"","meta":{"site-sidebar-layout":"default","site-content-layout":"","ast-site-content-layout":"default","site-content-style":"default","site-sidebar-style":"default","ast-global-header-display":"","ast-banner-title-visibility":"","ast-main-header-display":"","ast-hfb-above-header-display":"","ast-hfb-below-header-display":"","ast-hfb-mobile-header-display":"","site-post-title":"","ast-breadcrumbs-content":"","ast-featured-img":"","footer-sml-layout":"","theme-transparent-header-meta":"default","adv-header-id-meta":"","stick-header-meta":"","header-above-stick-meta":"","header-main-stick-meta":"","header-below-stick-meta":"","astra-migrate-meta-layouts":"set","ast-page-background-enabled":"default","ast-page-background-meta":{"desktop":{"background-color":"","background-image":"","background-repeat":"repeat","background-position":"center center","background-size":"auto","background-attachment":"scroll","background-type":"","background-media":"","overlay-type":"","overlay-color":"","overlay-opacity":"","overlay-gradient":""},"tablet":{"background-color":"","background-image":"","background-repeat":"repeat","background-position":"center center","background-size":"auto","background-attachment":"scroll","background-type":"","background-media":"","overlay-type":"","overlay-color":"","overlay-opacity":"","overlay-gradient":""},"mobile":{"background-color":"","background-image":"","background-repeat":"repeat","background-position":"center center","background-size":"auto","background-attachment":"scroll","background-type":"","background-media":"","overlay-type":"","overlay-color":"","overlay-opacity":"","overlay-gradient":""}},"ast-content-background-meta":{"desktop":{"background-color":"var(--ast-global-color-5)","background-image":"","background-repeat":"repeat","background-position":"center center","background-size":"auto","background-attachment":"scroll","background-type":"","background-media":"","overlay-type":"","overlay-color":"","overlay-opacity":"","overlay-gradient":""},"tablet":{"background-color":"var(--ast-global-color-5)","background-image":"","background-repeat":"repeat","background-position":"center center","background-size":"auto","background-attachment":"scroll","background-type":"","background-media":"","overlay-type":"","overlay-color":"","overlay-opacity":"","overlay-gradient":""},"mobile":{"background-color":"var(--ast-global-color-5)","background-image":"","background-repeat":"repeat","background-position":"center center","background-size":"auto","background-attachment":"scroll","background-type":"","background-media":"","overlay-type":"","overlay-color":"","overlay-opacity":"","overlay-gradient":""}}},"product_cat":[32],"product_tag":[],"class_list":{"0":"post-2562","1":"product","2":"type-product","3":"status-publish","4":"has-post-thumbnail","6":"product_cat-promotii","7":"desktop-align-left","8":"tablet-align-left","9":"mobile-align-left","11":"first","12":"instock","13":"sale","14":"featured","15":"shipping-taxable","16":"purchasable","17":"product-type-simple"},"_links":{"self":[{"href":"https:\/\/simpleshop.md\/ru\/wp-json\/wp\/v2\/product\/2562","targetHints":{"allow":["GET"]}}],"collection":[{"href":"https:\/\/simpleshop.md\/ru\/wp-json\/wp\/v2\/product"}],"about":[{"href":"https:\/\/simpleshop.md\/ru\/wp-json\/wp\/v2\/types\/product"}],"replies":[{"embeddable":true,"href":"https:\/\/simpleshop.md\/ru\/wp-json\/wp\/v2\/comments?post=2562"}],"wp:featuredmedia":[{"embeddable":true,"href":"https:\/\/simpleshop.md\/ru\/wp-json\/wp\/v2\/media\/2894"}],"wp:attachment":[{"href":"https:\/\/simpleshop.md\/ru\/wp-json\/wp\/v2\/media?parent=2562"}],"wp:term":[{"taxonomy":"product_cat","embeddable":true,"href":"https:\/\/simpleshop.md\/ru\/wp-json\/wp\/v2\/product_cat?post=2562"},{"taxonomy":"product_tag","embeddable":true,"href":"https:\/\/simpleshop.md\/ru\/wp-json\/wp\/v2\/product_tag?post=2562"}],"curies":[{"name":"wp","href":"https:\/\/api.w.org\/{rel}","templated":true}]}}