{"id":2626,"date":"2024-11-07T15:00:37","date_gmt":"2024-11-07T15:00:37","guid":{"rendered":"https:\/\/simpleshop.md\/?post_type=product&#038;p=2626"},"modified":"2025-04-25T14:11:09","modified_gmt":"2025-04-25T14:11:09","slug":"ieftin-econom-pret-bun-ulei-dozator-sticla-bucatarie-receta-%d0%bc%d0%b0%d1%81%d0%bb%d0%be-%d0%b4%d0%be%d0%b7%d0%b0%d1%82%d0%be%d1%80-%d1%80%d0%b0%d1%81%d0%bf%d1%8b%d0%bb%d0%b8%d1%82%d0%b5%d0%bb","status":"publish","type":"product","link":"https:\/\/simpleshop.md\/ru\/product\/ieftin-econom-pret-bun-ulei-dozator-sticla-bucatarie-receta-%d0%bc%d0%b0%d1%81%d0%bb%d0%be-%d0%b4%d0%be%d0%b7%d0%b0%d1%82%d0%be%d1%80-%d1%80%d0%b0%d1%81%d0%bf%d1%8b%d0%bb%d0%b8%d1%82%d0%b5%d0%bb\/","title":{"rendered":"Dozator ulei cu m\u00e2ner. Deschidere \u0219i \u00eenchidere automat\u0103 \/ \u0421\u0442\u0435\u043a\u043b\u044f\u043d\u043d\u0430\u044f \u0451\u043c\u043a\u043e\u0441\u0442\u044c \u0434\u043b\u044f \u043c\u0430\u0441\u043b\u0430 \u0441 \u0430\u0432\u0442\u043e \u043a\u043b\u0430\u043f\u0430\u043d\u043e\u043c \u0438 \u0440\u0443\u0447\u043a\u043e\u0439"},"content":{"rendered":"","protected":false},"excerpt":{"rendered":"<p><strong>Material<\/strong>: HIPS &amp; Silicon<\/p>\n<p><strong>Dimensiuni:<\/strong>\u00a020.1 cm x 11.2 cm<\/p>\n<p><strong>Volum<\/strong>: 550 ml<\/p>\n<p><strong>Culoare:<\/strong> Galben, Alb, Verde<\/p>\n<p>\u041f\u0440\u0435\u0438\u043c\u0443\u0449\u0435\u0441\u0442\u0432\u0430:<\/p>\n<ul>\n<li>Dozator ulei, o\u021bet, sosuri;<\/li>\n<li>Deschidere\/\u00eenchidere automat\u0103;<\/li>\n<li>Sticl\u0103 cu diametru mare, umplere f\u0103r\u0103 p\u00e2lnie;<\/li>\n<li>M\u00e2ner comod \u0219i stabil;<\/li>\n<li>Durabil, nu se sparge.<\/li>\n<\/ul>","protected":false},"featured_media":2891,"comment_status":"open","ping_status":"closed","template":"","meta":{"site-sidebar-layout":"default","site-content-layout":"","ast-site-content-layout":"default","site-content-style":"default","site-sidebar-style":"default","ast-global-header-display":"","ast-banner-title-visibility":"","ast-main-header-display":"","ast-hfb-above-header-display":"","ast-hfb-below-header-display":"","ast-hfb-mobile-header-display":"","site-post-title":"","ast-breadcrumbs-content":"","ast-featured-img":"","footer-sml-layout":"","theme-transparent-header-meta":"default","adv-header-id-meta":"","stick-header-meta":"","header-above-stick-meta":"","header-main-stick-meta":"","header-below-stick-meta":"","astra-migrate-meta-layouts":"set","ast-page-background-enabled":"default","ast-page-background-meta":{"desktop":{"background-color":"","background-image":"","background-repeat":"repeat","background-position":"center center","background-size":"auto","background-attachment":"scroll","background-type":"","background-media":"","overlay-type":"","overlay-color":"","overlay-opacity":"","overlay-gradient":""},"tablet":{"background-color":"","background-image":"","background-repeat":"repeat","background-position":"center center","background-size":"auto","background-attachment":"scroll","background-type":"","background-media":"","overlay-type":"","overlay-color":"","overlay-opacity":"","overlay-gradient":""},"mobile":{"background-color":"","background-image":"","background-repeat":"repeat","background-position":"center center","background-size":"auto","background-attachment":"scroll","background-type":"","background-media":"","overlay-type":"","overlay-color":"","overlay-opacity":"","overlay-gradient":""}},"ast-content-background-meta":{"desktop":{"background-color":"var(--ast-global-color-5)","background-image":"","background-repeat":"repeat","background-position":"center center","background-size":"auto","background-attachment":"scroll","background-type":"","background-media":"","overlay-type":"","overlay-color":"","overlay-opacity":"","overlay-gradient":""},"tablet":{"background-color":"var(--ast-global-color-5)","background-image":"","background-repeat":"repeat","background-position":"center center","background-size":"auto","background-attachment":"scroll","background-type":"","background-media":"","overlay-type":"","overlay-color":"","overlay-opacity":"","overlay-gradient":""},"mobile":{"background-color":"var(--ast-global-color-5)","background-image":"","background-repeat":"repeat","background-position":"center center","background-size":"auto","background-attachment":"scroll","background-type":"","background-media":"","overlay-type":"","overlay-color":"","overlay-opacity":"","overlay-gradient":""}}},"product_cat":[32],"product_tag":[],"class_list":{"0":"post-2626","1":"product","2":"type-product","3":"status-publish","4":"has-post-thumbnail","6":"product_cat-promotii","7":"desktop-align-left","8":"tablet-align-left","9":"mobile-align-left","11":"first","12":"instock","13":"sale","14":"featured","15":"shipping-taxable","16":"purchasable","17":"product-type-simple"},"_links":{"self":[{"href":"https:\/\/simpleshop.md\/ru\/wp-json\/wp\/v2\/product\/2626","targetHints":{"allow":["GET"]}}],"collection":[{"href":"https:\/\/simpleshop.md\/ru\/wp-json\/wp\/v2\/product"}],"about":[{"href":"https:\/\/simpleshop.md\/ru\/wp-json\/wp\/v2\/types\/product"}],"replies":[{"embeddable":true,"href":"https:\/\/simpleshop.md\/ru\/wp-json\/wp\/v2\/comments?post=2626"}],"wp:featuredmedia":[{"embeddable":true,"href":"https:\/\/simpleshop.md\/ru\/wp-json\/wp\/v2\/media\/2891"}],"wp:attachment":[{"href":"https:\/\/simpleshop.md\/ru\/wp-json\/wp\/v2\/media?parent=2626"}],"wp:term":[{"taxonomy":"product_cat","embeddable":true,"href":"https:\/\/simpleshop.md\/ru\/wp-json\/wp\/v2\/product_cat?post=2626"},{"taxonomy":"product_tag","embeddable":true,"href":"https:\/\/simpleshop.md\/ru\/wp-json\/wp\/v2\/product_tag?post=2626"}],"curies":[{"name":"wp","href":"https:\/\/api.w.org\/{rel}","templated":true}]}}